{"id":65,"date":"2025-08-29T15:23:21","date_gmt":"2025-08-29T13:23:21","guid":{"rendered":"https:\/\/forumpneumologia.it\/2026\/index.php\/crediti-ecm\/"},"modified":"2025-08-29T17:04:26","modified_gmt":"2025-08-29T15:04:26","slug":"crediti-ecm","status":"publish","type":"page","link":"https:\/\/forumpneumologia.it\/2026\/?page_id=65","title":{"rendered":"Crediti ECM"},"content":{"rendered":"\t\t<div data-elementor-type=\"wp-page\" data-elementor-id=\"65\" class=\"elementor elementor-65\" data-elementor-post-type=\"page\">\n\t\t\t\t\t\t<section class=\"elementor-section elementor-top-section elementor-element elementor-element-65dcf8ae elementor-section-boxed elementor-section-height-default elementor-section-height-default\" data-id=\"65dcf8ae\" data-element_type=\"section\">\n\t\t\t\t\t\t<div class=\"elementor-container elementor-column-gap-default\">\n\t\t\t\t\t<div class=\"elementor-column elementor-col-100 elementor-top-column elementor-element elementor-element-382ed53f\" data-id=\"382ed53f\" data-element_type=\"column\">\n\t\t\t<div class=\"elementor-widget-wrap elementor-element-populated\">\n\t\t\t\t\t\t<div class=\"elementor-element elementor-element-108a8f8 elementor-widget elementor-widget-pix-sliding-text\" data-id=\"108a8f8\" data-element_type=\"widget\" data-widget_type=\"pix-sliding-text.default\">\n\t\t\t\t<div class=\"elementor-widget-container\">\n\t\t\t\t\t<div id=\"el-108a8f8\" class=\"mb-3 text-center \"><div class=\"d-inline-block\" style=\"max-width:600px;\"><h2 class=\"mb-32 pix-sliding-headline-2 animate-in font-weight-bold secondary-font \" data-anim-type=\"pix-sliding-text\" pix-anim-delay=\"500\" data-class=\"secondary-font text-heading-default\" style=\"\"><span class=\"slide-in-container \"><span class=\"pix-sliding-item secondary-font text-heading-default\" style=\"transition-delay: 0ms;\">Maggiori&#32;<\/span><\/span> <span class=\"slide-in-container \"><span class=\"pix-sliding-item secondary-font text-heading-default\" style=\"transition-delay: 150ms;\">informazioni&#32;<\/span><\/span> <span class=\"slide-in-container \"><span class=\"pix-sliding-item secondary-font text-heading-default\" style=\"transition-delay: 300ms;\">presto&#32;<\/span><\/span> <span class=\"slide-in-container \"><span class=\"pix-sliding-item secondary-font text-heading-default\" style=\"transition-delay: 450ms;\">disponibili&#32;<\/span><\/span> <\/h2><\/div><\/div>\t\t\t\t<\/div>\n\t\t\t\t<\/div>\n\t\t\t\t<div class=\"elementor-element elementor-element-6cdea568 elementor-hidden-desktop elementor-hidden-tablet elementor-hidden-mobile elementor-invisible elementor-widget elementor-widget-pix-text\" data-id=\"6cdea568\" data-element_type=\"widget\" data-widget_type=\"pix-text.default\">\n\t\t\t\t<div class=\"elementor-widget-container\">\n\t\t\t\t\t<div class=\"pix-el-text w-100 text-center \" ><div class=\"d-inline-block\" style=\"max-width:600px;\"><p class=\"text-20 resp-option text-body-default text-center \" ><span class=\"text-body-default animate-in d-inline-block\" data-anim-delay=\"200\" data-anim-type=\"fade-in-up\">Capisaldi della pneumologia nazionale ed internazionale il Prof Francesco Blasi ed il Prof Stefano Centanni saranno nuovamente al timone del Forum<\/span><\/p><\/div><\/div>\t\t\t\t<\/div>\n\t\t\t\t<\/div>\n\t\t\t\t<section class=\"elementor-section elementor-inner-section elementor-element elementor-element-3c67583f rounded-xl overflow-hidden shadow-lg elementor-hidden-desktop elementor-hidden-tablet elementor-hidden-mobile elementor-section-boxed elementor-section-height-default elementor-section-height-default\" data-id=\"3c67583f\" data-element_type=\"section\">\n\t\t\t\t\t\t<div class=\"elementor-container elementor-column-gap-default\">\n\t\t\t\t\t<div class=\"elementor-column elementor-col-50 elementor-inner-column elementor-element elementor-element-1d4f8547\" data-id=\"1d4f8547\" data-element_type=\"column\" data-settings=\"{&quot;background_background&quot;:&quot;classic&quot;}\">\n\t\t\t<div class=\"elementor-widget-wrap elementor-element-populated\">\n\t\t\t\t\t\t<div class=\"elementor-element elementor-element-7e459809 elementor-widget elementor-widget-image\" data-id=\"7e459809\" data-element_type=\"widget\" data-widget_type=\"image.default\">\n\t\t\t\t\t\t\t\t\t\t\t\t\t\t\t<img fetchpriority=\"high\" decoding=\"async\" width=\"484\" height=\"484\" src=\"https:\/\/forumpneumologia.it\/2026\/wp-content\/uploads\/2025\/08\/blasi.jpg\" class=\"attachment-large size-large wp-image-66\" alt=\"\" srcset=\"https:\/\/forumpneumologia.it\/2026\/wp-content\/uploads\/2025\/08\/blasi.jpg 484w, https:\/\/forumpneumologia.it\/2026\/wp-content\/uploads\/2025\/08\/blasi-300x300.jpg 300w, https:\/\/forumpneumologia.it\/2026\/wp-content\/uploads\/2025\/08\/blasi-150x150.jpg 150w, https:\/\/forumpneumologia.it\/2026\/wp-content\/uploads\/2025\/08\/blasi-400x400.jpg 400w, https:\/\/forumpneumologia.it\/2026\/wp-content\/uploads\/2025\/08\/blasi-75x75.jpg 75w, https:\/\/forumpneumologia.it\/2026\/wp-content\/uploads\/2025\/08\/blasi-460x460.jpg 460w\" sizes=\"(max-width: 484px) 100vw, 484px\" \/>\t\t\t\t\t\t\t\t\t\t\t\t\t\t\t<\/div>\n\t\t\t\t<div class=\"elementor-element elementor-element-348b5ad elementor-widget elementor-widget-pix-heading\" data-id=\"348b5ad\" data-element_type=\"widget\" data-widget_type=\"pix-heading.default\">\n\t\t\t\t<div class=\"elementor-widget-container\">\n\t\t\t\t\t<div  class=\"pix-heading-el text-center \"><h2 class=\"text-heading-default font-weight-bold h2 heading-text el-title_custom_color mb-12\" style=\"\" data-anim-type=\"\" data-anim-delay=\"\">Francesco Blasi<\/h2><\/div>\t\t\t\t<\/div>\n\t\t\t\t<\/div>\n\t\t\t\t<div class=\"elementor-element elementor-element-3ede24ea elementor-invisible elementor-widget elementor-widget-pix-text\" data-id=\"3ede24ea\" data-element_type=\"widget\" data-widget_type=\"pix-text.default\">\n\t\t\t\t<div class=\"elementor-widget-container\">\n\t\t\t\t\t<div class=\"pix-el-text w-100 text-center \" ><div class=\"d-inline-block\" style=\"max-width:600px;\"><p class=\"text-sm resp-option text-heading-default text-center \" ><span class=\"text-heading-default animate-in d-inline-block\" data-anim-delay=\"200\" data-anim-type=\"fade-in-up\">Dipartimento di Fisiopatologia Medico Chirurgica e dei Trapianti, Universit\u00e0 degli Studi di Milano; Dipartimento di Medicina Interna, UOC di Broncopneumologia e Centro Fibrosi Cistica dell\u2019Adulto, Fondazione IRCCS Ca\u2019 Granda Ospedale Maggiore Policlinico<\/span><\/p><\/div><\/div>\t\t\t\t<\/div>\n\t\t\t\t<\/div>\n\t\t\t\t<div class=\"elementor-element elementor-element-2e37e2a9 elementor-widget elementor-widget-toggle\" data-id=\"2e37e2a9\" data-element_type=\"widget\" data-widget_type=\"toggle.default\">\n\t\t\t\t\t\t\t<div class=\"elementor-toggle\">\n\t\t\t\t\t\t\t<div class=\"elementor-toggle-item\">\n\t\t\t\t\t<div id=\"elementor-tab-title-7751\" class=\"elementor-tab-title\" data-tab=\"1\" role=\"button\" aria-controls=\"elementor-tab-content-7751\" aria-expanded=\"false\">\n\t\t\t\t\t\t\t\t\t\t\t\t<span class=\"elementor-toggle-icon elementor-toggle-icon-left\" aria-hidden=\"true\">\n\t\t\t\t\t\t\t\t\t\t\t\t\t\t\t<span class=\"elementor-toggle-icon-closed\"><svg class=\"e-font-icon-svg e-fas-caret-right\" viewBox=\"0 0 192 512\" xmlns=\"http:\/\/www.w3.org\/2000\/svg\"><path d=\"M0 384.662V127.338c0-17.818 21.543-26.741 34.142-14.142l128.662 128.662c7.81 7.81 7.81 20.474 0 28.284L34.142 398.804C21.543 411.404 0 402.48 0 384.662z\"><\/path><\/svg><\/span>\n\t\t\t\t\t\t\t\t<span class=\"elementor-toggle-icon-opened\"><svg class=\"elementor-toggle-icon-opened e-font-icon-svg e-fas-caret-up\" viewBox=\"0 0 320 512\" xmlns=\"http:\/\/www.w3.org\/2000\/svg\"><path d=\"M288.662 352H31.338c-17.818 0-26.741-21.543-14.142-34.142l128.662-128.662c7.81-7.81 20.474-7.81 28.284 0l128.662 128.662c12.6 12.599 3.676 34.142-14.142 34.142z\"><\/path><\/svg><\/span>\n\t\t\t\t\t\t\t\t\t\t\t\t\t<\/span>\n\t\t\t\t\t\t\t\t\t\t\t\t<a class=\"elementor-toggle-title\" tabindex=\"0\">Biografia<\/a>\n\t\t\t\t\t<\/div>\n\n\t\t\t\t\t<div id=\"elementor-tab-content-7751\" class=\"elementor-tab-content elementor-clearfix\" data-tab=\"1\" role=\"region\" aria-labelledby=\"elementor-tab-title-7751\"><p>Francesco Blasi \u00e8 professore ordinario di malattie dell\u2019apparato respiratorio dell\u2019Universit\u00e0 degli Studi di Milano e direttore del Dipartimento di Medicina Interna, dell\u2019UOC di Broncopneumologia e del centro regionale di riferimento della Lombardia per pazienti adulti affetti da fibrosi cistica. Il Prof. Blasi \u00e8 membro del consiglio d\u2019amministrazione dell\u2019Universit\u00e0 degli Studi di Milano, \u00e8 stato presidente della European Respiratory Society (2012-13) e della Societ\u00e0 Italiana di Pneumologia \u2013SIP\/IRS- (2016-2017). \u00c8 presidente al momento del Centro Ricerche della SIP\/IRS. Il Prof. Blasi ha pubblicato pi\u00f9 di 300 articoli originali su riviste internazionali [Maggio 2017: h-index:63, Citazioni: 14308]. I suoi interessi di ricerca includono la polmonite, BPCO, bronchiettasie, tubercolosi e NTM, fibrosi cistica e trapianto di polmone.<\/p><\/div>\n\t\t\t\t<\/div>\n\t\t\t\t\t\t\t\t<\/div>\n\t\t\t\t\t\t<\/div>\n\t\t\t\t\t<\/div>\n\t\t<\/div>\n\t\t\t\t<div class=\"elementor-column elementor-col-50 elementor-inner-column elementor-element elementor-element-422073ff\" data-id=\"422073ff\" data-element_type=\"column\" data-settings=\"{&quot;background_background&quot;:&quot;classic&quot;}\">\n\t\t\t<div class=\"elementor-widget-wrap elementor-element-populated\">\n\t\t\t\t\t\t<div class=\"elementor-element elementor-element-183f2e02 elementor-widget elementor-widget-image\" data-id=\"183f2e02\" data-element_type=\"widget\" data-widget_type=\"image.default\">\n\t\t\t\t\t\t\t\t\t\t\t\t\t\t\t<img decoding=\"async\" width=\"484\" height=\"484\" src=\"https:\/\/forumpneumologia.it\/2026\/wp-content\/uploads\/2025\/08\/Centanni.jpg\" class=\"attachment-large size-large wp-image-67\" alt=\"\" srcset=\"https:\/\/forumpneumologia.it\/2026\/wp-content\/uploads\/2025\/08\/Centanni.jpg 484w, https:\/\/forumpneumologia.it\/2026\/wp-content\/uploads\/2025\/08\/Centanni-300x300.jpg 300w, https:\/\/forumpneumologia.it\/2026\/wp-content\/uploads\/2025\/08\/Centanni-150x150.jpg 150w, https:\/\/forumpneumologia.it\/2026\/wp-content\/uploads\/2025\/08\/Centanni-400x400.jpg 400w, https:\/\/forumpneumologia.it\/2026\/wp-content\/uploads\/2025\/08\/Centanni-75x75.jpg 75w, https:\/\/forumpneumologia.it\/2026\/wp-content\/uploads\/2025\/08\/Centanni-460x460.jpg 460w\" sizes=\"(max-width: 484px) 100vw, 484px\" \/>\t\t\t\t\t\t\t\t\t\t\t\t\t\t\t<\/div>\n\t\t\t\t<div class=\"elementor-element elementor-element-4726fc79 elementor-widget elementor-widget-pix-heading\" data-id=\"4726fc79\" data-element_type=\"widget\" data-widget_type=\"pix-heading.default\">\n\t\t\t\t<div class=\"elementor-widget-container\">\n\t\t\t\t\t<div  class=\"pix-heading-el text-center \"><h2 class=\"text-heading-default font-weight-bold h2 heading-text el-title_custom_color mb-12\" style=\"\" data-anim-type=\"\" data-anim-delay=\"\">Stefano Centanni<\/h2><\/div>\t\t\t\t<\/div>\n\t\t\t\t<\/div>\n\t\t\t\t<div class=\"elementor-element elementor-element-563ceeda elementor-invisible elementor-widget elementor-widget-pix-text\" data-id=\"563ceeda\" data-element_type=\"widget\" data-widget_type=\"pix-text.default\">\n\t\t\t\t<div class=\"elementor-widget-container\">\n\t\t\t\t\t<div class=\"pix-el-text w-100 text-center \" ><div class=\"d-inline-block\" style=\"max-width:600px;\"><p class=\"text-sm resp-option text-heading-default text-center \" ><span class=\"text-heading-default animate-in d-inline-block\" data-anim-delay=\"200\" data-anim-type=\"fade-in-up\">Dipartimento di Scienze della Salute \u2013 Malattie dell\u2019apparato respiratorio, Universit\u00e0 degli Studi di Milano; Dipartimento cardio-respiratorio, UOC di Pneumologia, Ospedale San Paolo<br><br><\/span><\/p><\/div><\/div>\t\t\t\t<\/div>\n\t\t\t\t<\/div>\n\t\t\t\t<div class=\"elementor-element elementor-element-65fe1ced elementor-widget elementor-widget-toggle\" data-id=\"65fe1ced\" data-element_type=\"widget\" data-widget_type=\"toggle.default\">\n\t\t\t\t\t\t\t<div class=\"elementor-toggle\">\n\t\t\t\t\t\t\t<div class=\"elementor-toggle-item\">\n\t\t\t\t\t<div id=\"elementor-tab-title-1711\" class=\"elementor-tab-title\" data-tab=\"1\" role=\"button\" aria-controls=\"elementor-tab-content-1711\" aria-expanded=\"false\">\n\t\t\t\t\t\t\t\t\t\t\t\t<span class=\"elementor-toggle-icon elementor-toggle-icon-left\" aria-hidden=\"true\">\n\t\t\t\t\t\t\t\t\t\t\t\t\t\t\t<span class=\"elementor-toggle-icon-closed\"><svg class=\"e-font-icon-svg e-fas-caret-right\" viewBox=\"0 0 192 512\" xmlns=\"http:\/\/www.w3.org\/2000\/svg\"><path d=\"M0 384.662V127.338c0-17.818 21.543-26.741 34.142-14.142l128.662 128.662c7.81 7.81 7.81 20.474 0 28.284L34.142 398.804C21.543 411.404 0 402.48 0 384.662z\"><\/path><\/svg><\/span>\n\t\t\t\t\t\t\t\t<span class=\"elementor-toggle-icon-opened\"><svg class=\"elementor-toggle-icon-opened e-font-icon-svg e-fas-caret-up\" viewBox=\"0 0 320 512\" xmlns=\"http:\/\/www.w3.org\/2000\/svg\"><path d=\"M288.662 352H31.338c-17.818 0-26.741-21.543-14.142-34.142l128.662-128.662c7.81-7.81 20.474-7.81 28.284 0l128.662 128.662c12.6 12.599 3.676 34.142-14.142 34.142z\"><\/path><\/svg><\/span>\n\t\t\t\t\t\t\t\t\t\t\t\t\t<\/span>\n\t\t\t\t\t\t\t\t\t\t\t\t<a class=\"elementor-toggle-title\" tabindex=\"0\">Biografia<\/a>\n\t\t\t\t\t<\/div>\n\n\t\t\t\t\t<div id=\"elementor-tab-content-1711\" class=\"elementor-tab-content elementor-clearfix\" data-tab=\"1\" role=\"region\" aria-labelledby=\"elementor-tab-title-1711\"><p>Il Prof. Stefano Centanni ha studiato medicina presso la Scuola di Medicina dell\u2019Universit\u00e0 degli Studi di Milano, dove ha conseguito la Laurea in Medicina nel 1979.\u00a0A seguito di uno stage presso il diparimento di pneumologia della Mcmaster University, Hamilton, Canada, nel 1981 e una borsa di studio in pneumologia del Mount Sinai Medical Center presso l\u2019Universit\u00e0 di Miami, Florida, USA, nel 1982, si \u00e8 specializzato in Allergologia presso l\u2019Universit\u00e0 di Medicina di Pavia, nel 1985.<br \/>Ha conseguito il Dottorato in Malattie dell\u2019apparato respiratorio nel 1998 presso la Facolt\u00e0 di Medicina dell\u2019Universit\u00e0 degli Studi di Milano.<br \/>Dal 1990 al 1996 ha lavorato come Assistente Professore dell\u2019Universit\u00e0 degli Studi di Milano presso il dipartimento di pneumologia dell\u2019Ospedale Maggiore di Milano, e dal 1996 al 2005 come Professore Associato presso il dipartimento di pneumologia dell\u2019Ospedale San Paolo, Universit\u00e0 di Milano.<\/p><p>Dal 1996 \u00e8 Responsabile del dipartimento di Pneumologia dell\u2019Ospedale San Paolo di Milano e nel 2005 \u00e8 diventato professore ordinario di Medicina Respiratoria presso l\u2019Universit\u00e0 degli Studi di Milano.<\/p><p>Il Professor Centanni \u00e8 stato Delegato Nazionale Italiano 2007\/2009 ERS e Delegato Nazionale Italiano FERS dal 2007 al 2012 e Presidente di Simer (Societ\u00e0 Italiana di Medicina Respiratoria \u2013 2009\/2011). Il professor Centanni \u00e8 autore di pi\u00f9 di cento pubblicazioni scientifiche su riviste internazionali e di diversi libri nel campo della medicina respiratoria.<\/p><\/div>\n\t\t\t\t<\/div>\n\t\t\t\t\t\t\t\t<\/div>\n\t\t\t\t\t\t<\/div>\n\t\t\t\t\t<\/div>\n\t\t<\/div>\n\t\t\t\t\t<\/div>\n\t\t<\/section>\n\t\t\t\t\t<\/div>\n\t\t<\/div>\n\t\t\t\t\t<\/div>\n\t\t<\/section>\n\t\t\t\t<\/div>\n\t\t\r\n<!-- WeMeet Web(R) - Gange - All rights reserved: 2010 - 2025, plug-in for WordPress by Lena Group, https:\/\/lenagroup.net -->\r\n<div id=\"idGangeCookiesDiv1\" class=\"gange_CookiesDiv1\"><div id=\"idGangeCookiesDiv2\" class=\"gange_CookiesDiv2\"><form id=\"idGangeCookiesForm\" name=\"GangeCookiesForm\" action=\"#\" method=\"post\"><span id=\"idGangeCookiesSpan1\" class=\"gange_CookiesSpan1\">Utilizziamo i cookie per assicurarti la migliore esperienza sul nostro sito web.<\/span><input id=\"idGangeCookiesAnalytics\" name=\"idGangeCookiesAnalytics\" type=\"hidden\" value=\"0\"><span id=\"idGangeCookiesSpanSubmit\" class=\"gange_CookiesSpanSubmit\"><input id=\"idGangeCookiesTag\" name=\"idGangeCookiesTag\" type=\"hidden\" value=\"##COOKIESGANGE##\"><input id=\"idGangeCookiesSubmit\" name=\"idGangeCookiesSubmit\" type=\"submit\" class=\"gange_CookiesSubmit\" value=\"Accetta\"><\/span><\/form><\/div><\/div>\r\n<!-- WeMeet Web(R) - Gange - All rights reserved: 2010 - 2025, plug-in for WordPress by Lena Group, https:\/\/lenagroup.net -->\r\n <script type=\"text\/javascript\"> if (typeof(f_tFlgVISA) === typeof(Function))  \tf_tFlgVISA(null);  if (typeof(f_tFlgAllergia) === typeof(Function))  \tf_tFlgAllergia(null);  if (typeof(f_IDTipologia) === typeof(Function)) {  \tvar eObjTYPE = document.getElementById(\"id_IDTipologia\");  \tf_IDTipologia(eObjTYPE);  }  if (typeof(f_IDAttivita) === typeof(Function)) {  \tvar etFlgActivity = document.getElementById(\"id_IDAttivita\");  \tf_IDAttivita(etFlgActivity);  }  if (typeof(f_IDNazionalita) === typeof(Function)) {  \tvar etFlgNazionalita = document.getElementById(\"id_IDNazionalita\");  \tf_IDNazionalita(etFlgNazionalita);  }  if (typeof(f_IndFattIDNazione) === typeof(Function))  \tf_IndFattIDNazione(null);  if (typeof(f_IDDomanda16763) === typeof(Function)) {  \tvar etFlgDomanda16763 = document.getElementById(\"id_IDDomanda16763\");  \tif (etFlgDomanda16763 != null) {  \t\tf_IDDomanda16763(etFlgDomanda16763);  \t}  }  if (typeof(f_IDDomanda16765) === typeof(Function)) {  \tvar etFlgDomanda16765 = document.getElementById(\"id_IDDomanda16765\");  \tif (etFlgDomanda16765 != null) {  \t\tf_IDDomanda16765(etFlgDomanda16765);  \t}  }  <\/script>","protected":false},"excerpt":{"rendered":"<p>Maggiori informazioni presto disponibili Capisaldi della pneumologia nazionale ed internazionale il Prof Francesco Blasi ed il Prof Stefano Centanni saranno nuovamente al timone del Forum Francesco Blasi Dipartimento di Fisiopatologia Medico Chirurgica e dei Trapianti, Universit\u00e0 degli Studi di Milano;&#8230;<\/p>\n","protected":false},"author":1,"featured_media":0,"parent":0,"menu_order":0,"comment_status":"closed","ping_status":"closed","template":"","meta":{"footnotes":""},"class_list":["post-65","page","type-page","status-publish","hentry"],"_links":{"self":[{"href":"https:\/\/forumpneumologia.it\/2026\/index.php?rest_route=\/wp\/v2\/pages\/65","targetHints":{"allow":["GET"]}}],"collection":[{"href":"https:\/\/forumpneumologia.it\/2026\/index.php?rest_route=\/wp\/v2\/pages"}],"about":[{"href":"https:\/\/forumpneumologia.it\/2026\/index.php?rest_route=\/wp\/v2\/types\/page"}],"author":[{"embeddable":true,"href":"https:\/\/forumpneumologia.it\/2026\/index.php?rest_route=\/wp\/v2\/users\/1"}],"replies":[{"embeddable":true,"href":"https:\/\/forumpneumologia.it\/2026\/index.php?rest_route=%2Fwp%2Fv2%2Fcomments&post=65"}],"version-history":[{"count":5,"href":"https:\/\/forumpneumologia.it\/2026\/index.php?rest_route=\/wp\/v2\/pages\/65\/revisions"}],"predecessor-version":[{"id":308,"href":"https:\/\/forumpneumologia.it\/2026\/index.php?rest_route=\/wp\/v2\/pages\/65\/revisions\/308"}],"wp:attachment":[{"href":"https:\/\/forumpneumologia.it\/2026\/index.php?rest_route=%2Fwp%2Fv2%2Fmedia&parent=65"}],"curies":[{"name":"wp","href":"https:\/\/api.w.org\/{rel}","templated":true}]}}