{"id":544,"date":"2025-10-21T15:20:01","date_gmt":"2025-10-21T13:20:01","guid":{"rendered":"https:\/\/forumpneumologia.it\/2026\/?page_id=544"},"modified":"2025-10-21T16:17:41","modified_gmt":"2025-10-21T14:17:41","slug":"comunicazioni-orali","status":"publish","type":"page","link":"https:\/\/forumpneumologia.it\/2026\/?page_id=544","title":{"rendered":"Comunicazioni orali"},"content":{"rendered":"\t\t<div data-elementor-type=\"wp-page\" data-elementor-id=\"544\" class=\"elementor elementor-544\" data-elementor-post-type=\"page\">\n\t\t\t\t<div class=\"elementor-element elementor-element-dfecb8f e-flex e-con-boxed e-con e-parent\" data-id=\"dfecb8f\" data-element_type=\"container\" data-settings=\"{&quot;background_background&quot;:&quot;classic&quot;}\">\n\t\t\t\t\t<div class=\"e-con-inner\">\n\t\t<div class=\"elementor-element elementor-element-5bbca43 e-con-full e-flex e-con e-child\" data-id=\"5bbca43\" data-element_type=\"container\">\n\t\t<div class=\"elementor-element elementor-element-8a38f16 e-con-full e-flex e-con e-child\" data-id=\"8a38f16\" data-element_type=\"container\" data-settings=\"{&quot;background_background&quot;:&quot;classic&quot;}\">\n\t\t\t\t<div class=\"elementor-element elementor-element-407f6b8 elementor-widget elementor-widget-pix-sliding-text\" data-id=\"407f6b8\" data-element_type=\"widget\" data-widget_type=\"pix-sliding-text.default\">\n\t\t\t\t<div class=\"elementor-widget-container\">\n\t\t\t\t\t<div id=\"el-407f6b8\" class=\"mb-3 text-left \"><div class=\"d-inline-block\" style=\"max-width:600px;\"><h2 class=\"mb-32 pix-sliding-headline-2 animate-in font-weight-bold secondary-font \" data-anim-type=\"pix-sliding-text\" pix-anim-delay=\"500\" data-class=\"secondary-font text-heading-default\" style=\"\"><span class=\"slide-in-container \"><span class=\"pix-sliding-item secondary-font text-heading-default\" style=\"transition-delay: 0ms;\">Il&#32;<\/span><\/span> <span class=\"slide-in-container \"><span class=\"pix-sliding-item secondary-font text-heading-default\" style=\"transition-delay: 150ms;\">concept&#32;<\/span><\/span> <\/h2><\/div><\/div>\t\t\t\t<\/div>\n\t\t\t\t<\/div>\n\t\t\t\t<div class=\"elementor-element elementor-element-4b6b646 elementor-widget elementor-widget-text-editor\" data-id=\"4b6b646\" data-element_type=\"widget\" data-widget_type=\"text-editor.default\">\n\t\t\t\t\t\t\t\t\t<p>Presenta un intervento orale di 5 minuti durante la <strong>sessione \u201cComunicazioni Orali\u201d<\/strong>, in programma per <strong>venerd\u00ec 13 marzo 2026<\/strong>, di fronte a un pubblico composto da circa 200 specialisti.<\/p><p>I cinque relatori selezionati per le comunicazioni orali avranno l\u2019opportunit\u00e0 di:<\/p><ul><li>Ricevere un feedback personalizzato dai Presidenti del congresso.<\/li><li>Partecipare al concorso per il premio <strong>Best Oral Communication<\/strong>.<\/li><\/ul><p><strong>I vantaggi per i vincitori includono:<\/strong><\/p><ul><li>Nome del presentatore, profilo e abstract pubblicati sul sito web del congresso.<\/li><li>Registrazione gratuita alla <strong>XXIV Edizione del Forum Internazionale di Pneumologia<\/strong><\/li><\/ul>\t\t\t\t\t\t\t\t<\/div>\n\t\t\t\t<\/div>\n\t\t<div class=\"elementor-element elementor-element-3c5c034 e-con-full e-flex e-con e-child\" data-id=\"3c5c034\" data-element_type=\"container\" data-settings=\"{&quot;background_background&quot;:&quot;classic&quot;}\">\n\t\t\t\t<div class=\"elementor-element elementor-element-52ec6b8 elementor-widget elementor-widget-pix-sliding-text\" data-id=\"52ec6b8\" data-element_type=\"widget\" data-widget_type=\"pix-sliding-text.default\">\n\t\t\t\t<div class=\"elementor-widget-container\">\n\t\t\t\t\t<div id=\"el-52ec6b8\" class=\"mb-3 text-left \"><div class=\"d-inline-block\" style=\"max-width:600px;\"><h2 class=\"mb-32 pix-sliding-headline-2 animate-in font-weight-bold secondary-font \" data-anim-type=\"pix-sliding-text\" pix-anim-delay=\"500\" data-class=\"secondary-font text-heading-default\" style=\"\"><span class=\"slide-in-container \"><span class=\"pix-sliding-item secondary-font text-heading-default\" style=\"transition-delay: 0ms;\">Criteri&#32;<\/span><\/span> <span class=\"slide-in-container \"><span class=\"pix-sliding-item secondary-font text-heading-default\" style=\"transition-delay: 150ms;\">obbligatori&#32;<\/span><\/span> <\/h2><\/div><\/div>\t\t\t\t<\/div>\n\t\t\t\t<\/div>\n\t\t\t\t<div class=\"elementor-element elementor-element-953af93 elementor-widget elementor-widget-text-editor\" data-id=\"953af93\" data-element_type=\"widget\" data-widget_type=\"text-editor.default\">\n\t\t\t\t\t\t\t\t\t<p>Il principale criterio di selezione sar\u00e0 la <strong>rilevanza e il valore scientifico dell\u2019abstract<\/strong>, valutati dal Comitato Organizzatore e Scientifico del congresso. La selezione sar\u00e0 effettuata a discrezione del Comitato. In caso di parit\u00e0, verranno applicati criteri di priorit\u00e0 specifici.<br \/>Gli organizzatori si riservano il diritto di rifiutare abstract non conformi alle linee guida.<\/p><p>Gi abstract devono essere scritti in italiano con una lunghezza massima di 500 parole. Possono contenere formule, immagini o grafici. La struttura obbligatoria \u00e8: contesto\/obiettivi, metodi, risultati, conclusioni.<\/p>\t\t\t\t\t\t\t\t<\/div>\n\t\t\t\t<\/div>\n\t\t<div class=\"elementor-element elementor-element-f7bb204 e-con-full e-flex e-con e-child\" data-id=\"f7bb204\" data-element_type=\"container\" data-settings=\"{&quot;background_background&quot;:&quot;classic&quot;}\">\n\t\t\t\t<div class=\"elementor-element elementor-element-bcb4a21 elementor-widget elementor-widget-pix-sliding-text\" data-id=\"bcb4a21\" data-element_type=\"widget\" data-widget_type=\"pix-sliding-text.default\">\n\t\t\t\t<div class=\"elementor-widget-container\">\n\t\t\t\t\t<div id=\"el-bcb4a21\" class=\"mb-3 text-left \"><div class=\"d-inline-block\" style=\"max-width:600px;\"><h2 class=\"mb-32 pix-sliding-headline-2 animate-in font-weight-bold secondary-font \" data-anim-type=\"pix-sliding-text\" pix-anim-delay=\"500\" data-class=\"secondary-font text-heading-default\" style=\"\"><span class=\"slide-in-container \"><span class=\"pix-sliding-item secondary-font text-heading-default\" style=\"transition-delay: 0ms;\">Conflitto&#32;<\/span><\/span> <span class=\"slide-in-container \"><span class=\"pix-sliding-item secondary-font text-heading-default\" style=\"transition-delay: 150ms;\">di&#32;<\/span><\/span> <span class=\"slide-in-container \"><span class=\"pix-sliding-item secondary-font text-heading-default\" style=\"transition-delay: 300ms;\">interessi&#32;<\/span><\/span> <\/h2><\/div><\/div>\t\t\t\t<\/div>\n\t\t\t\t<\/div>\n\t\t\t\t<div class=\"elementor-element elementor-element-c980a70 elementor-widget elementor-widget-text-editor\" data-id=\"c980a70\" data-element_type=\"widget\" data-widget_type=\"text-editor.default\">\n\t\t\t\t\t\t\t\t\t<p>Dichiarare eventuali fonti di finanziamento commerciale e interessi commerciali.<br \/>Tutti gli studi devono essere approvati dai comitati etici istituzionali.<\/p>\t\t\t\t\t\t\t\t<\/div>\n\t\t\t\t<\/div>\n\t\t<div class=\"elementor-element elementor-element-35d79ad e-con-full e-flex e-con e-child\" data-id=\"35d79ad\" data-element_type=\"container\" data-settings=\"{&quot;background_background&quot;:&quot;classic&quot;}\">\n\t\t\t\t<div class=\"elementor-element elementor-element-ebdf109 elementor-widget elementor-widget-pix-sliding-text\" data-id=\"ebdf109\" data-element_type=\"widget\" data-widget_type=\"pix-sliding-text.default\">\n\t\t\t\t<div class=\"elementor-widget-container\">\n\t\t\t\t\t<div id=\"el-ebdf109\" class=\"mb-3 text-left \"><div class=\"d-inline-block\" style=\"max-width:600px;\"><h2 class=\"mb-32 pix-sliding-headline-2 animate-in font-weight-bold secondary-font \" data-anim-type=\"pix-sliding-text\" pix-anim-delay=\"500\" data-class=\"secondary-font text-heading-default\" style=\"\"><span class=\"slide-in-container \"><span class=\"pix-sliding-item secondary-font text-heading-default\" style=\"transition-delay: 0ms;\">Accettazione&#32;<\/span><\/span> <\/h2><\/div><\/div>\t\t\t\t<\/div>\n\t\t\t\t<\/div>\n\t\t\t\t<div class=\"elementor-element elementor-element-e679107 elementor-widget elementor-widget-text-editor\" data-id=\"e679107\" data-element_type=\"widget\" data-widget_type=\"text-editor.default\">\n\t\t\t\t\t\t\t\t\t<p>Le notifiche ai candidati saranno inviate <strong>entro l&#8217;inizio di febbraio 2026<\/strong>.<br \/>Si precisa che, nel caso in cui la candidatura per la presentazione orale venga accettata, sarete invitati a completare la vostra iscrizione entro il <strong>13 febbraio 2026.<\/strong><\/p>\t\t\t\t\t\t\t\t<\/div>\n\t\t\t\t<\/div>\n\t\t<div class=\"elementor-element elementor-element-6e49c2f e-con-full e-flex e-con e-child\" data-id=\"6e49c2f\" data-element_type=\"container\" data-settings=\"{&quot;background_background&quot;:&quot;classic&quot;}\">\n\t\t\t\t<div class=\"elementor-element elementor-element-d66df29 elementor-widget elementor-widget-pix-sliding-text\" data-id=\"d66df29\" data-element_type=\"widget\" data-widget_type=\"pix-sliding-text.default\">\n\t\t\t\t<div class=\"elementor-widget-container\">\n\t\t\t\t\t<div id=\"el-d66df29\" class=\"mb-3 text-left \"><div class=\"d-inline-block\" style=\"max-width:600px;\"><h2 class=\"mb-32 pix-sliding-headline-2 animate-in font-weight-bold secondary-font \" data-anim-type=\"pix-sliding-text\" pix-anim-delay=\"500\" data-class=\"secondary-font text-heading-default\" style=\"\"><span class=\"slide-in-container \"><span class=\"pix-sliding-item secondary-font text-heading-default\" style=\"transition-delay: 0ms;\">Topics&#32;<\/span><\/span> <\/h2><\/div><\/div>\t\t\t\t<\/div>\n\t\t\t\t<\/div>\n\t\t\t\t<div class=\"elementor-element elementor-element-28eae52 elementor-widget elementor-widget-text-editor\" data-id=\"28eae52\" data-element_type=\"widget\" data-widget_type=\"text-editor.default\">\n\t\t\t\t\t\t\t\t\t<ul><li>Malattie Rare (Alpha 1 Antitripsina, ABPA, EGPA..)<\/li><li>Interstiziopatie (ILD, IPF, FFP)<\/li><li>BPCO (incluse comorbidit\u00e0)<\/li><li>ASMA<\/li><li>Epidemiologia<\/li><li>Diagnostica per immagini<\/li><li>Infezioni Respiratorie (RSV, Pneumonia, NTM)<\/li><li>Fibrosi Cistica<\/li><li>Terapie di supporto (fisioterapia respiratoria, psicoterapia, nutrizione e dieta)<\/li><li>Novit\u00e0 terapeutiche<\/li><li>Intelligenza artificiale e innovazioni<\/li><\/ul>\t\t\t\t\t\t\t\t<\/div>\n\t\t\t\t<\/div>\n\t\t\t\t<\/div>\n\t\t<div class=\"elementor-element elementor-element-3c972e7 e-con-full e-flex e-con e-child\" data-id=\"3c972e7\" data-element_type=\"container\">\n\t\t<div class=\"elementor-element elementor-element-2ab0aeb animated-fast e-con-full e-flex elementor-invisible e-con e-child\" data-id=\"2ab0aeb\" data-element_type=\"container\" data-settings=\"{&quot;animation&quot;:&quot;fadeInUp&quot;,&quot;background_background&quot;:&quot;gradient&quot;,&quot;sticky&quot;:&quot;top&quot;,&quot;sticky_on&quot;:[&quot;desktop&quot;],&quot;sticky_offset&quot;:93,&quot;sticky_parent&quot;:&quot;yes&quot;,&quot;sticky_effects_offset&quot;:0,&quot;sticky_anchor_link_offset&quot;:0}\">\n\t\t\t\t<div class=\"elementor-element elementor-element-b402d57 elementor-widget elementor-widget-image\" data-id=\"b402d57\" data-element_type=\"widget\" data-widget_type=\"image.default\">\n\t\t\t\t\t\t\t\t\t\t\t\t\t\t\t<img fetchpriority=\"high\" decoding=\"async\" width=\"640\" height=\"466\" src=\"https:\/\/forumpneumologia.it\/2026\/wp-content\/uploads\/2025\/08\/intro-image.png\" class=\"attachment-large size-large wp-image-77\" alt=\"\" srcset=\"https:\/\/forumpneumologia.it\/2026\/wp-content\/uploads\/2025\/08\/intro-image.png 1000w, https:\/\/forumpneumologia.it\/2026\/wp-content\/uploads\/2025\/08\/intro-image-300x218.png 300w, https:\/\/forumpneumologia.it\/2026\/wp-content\/uploads\/2025\/08\/intro-image-768x559.png 768w\" sizes=\"(max-width: 640px) 100vw, 640px\" \/>\t\t\t\t\t\t\t\t\t\t\t\t\t\t\t<\/div>\n\t\t\t\t<div class=\"elementor-element elementor-element-2ffeddb elementor-widget elementor-widget-pix-sliding-text\" data-id=\"2ffeddb\" data-element_type=\"widget\" data-widget_type=\"pix-sliding-text.default\">\n\t\t\t\t<div class=\"elementor-widget-container\">\n\t\t\t\t\t<div id=\"el-2ffeddb\" class=\"mb-3 text-center \"><div class=\"d-inline-block\" style=\"max-width:600px;\"><h2 class=\"mb-32 pix-sliding-headline-2 animate-in font-weight-bold secondary-font \" data-anim-type=\"pix-sliding-text\" pix-anim-delay=\"500\" data-class=\"secondary-font text-white\" style=\"\"><span class=\"slide-in-container \"><span class=\"pix-sliding-item secondary-font text-white\" style=\"transition-delay: 0ms;\">Comunicazioni&#32;<\/span><\/span> <span class=\"slide-in-container \"><span class=\"pix-sliding-item secondary-font text-white\" style=\"transition-delay: 150ms;\">orali&#32;<\/span><\/span> <\/h2><\/div><\/div>\t\t\t\t<\/div>\n\t\t\t\t<\/div>\n\t\t\t\t<div class=\"elementor-element elementor-element-3132f30 elementor-widget__width-auto elementor-widget elementor-widget-pix-button\" data-id=\"3132f30\" data-element_type=\"widget\" data-widget_type=\"pix-button.default\">\n\t\t\t\t<div class=\"elementor-widget-container\">\n\t\t\t\t\t<a  href=\"https:\/\/forumpneumologia.it\/2026\/?page_id=583\" class=\"btn m-0     shadow-sm text-primary btn-white d-inline-flex align-items-center pix-hover-item       animate-in btn-md\"   data-anim-type=\"fade-in-left\" data-anim-delay=\"1000\" ><span class=\"font-weight-bold \" >SOTTOMETTI IL TUO ABSTRACT<\/span><svg class=\"pixfort-icon font-weight-bold  pix-hover-right  ml-2\" width=\"24\" height=\"24\"  data-name=\"Line\/pixfort-icon-arrow-right-2\" viewBox=\"2 2 20 20\"><polyline fill=\"none\" stroke=\"var(--pf-icon-color)\" stroke-linecap=\"round\" stroke-linejoin=\"round\" stroke-width=\"var(--pf-icon-stroke-width)\" points=\"9.5 17 14.5 12 9.5 7\"\/><\/svg><\/a>\t\t\t\t<\/div>\n\t\t\t\t<\/div>\n\t\t\t\t<\/div>\n\t\t\t\t<\/div>\n\t\t\t\t\t<\/div>\n\t\t\t\t<\/div>\n\t\t\t\t<section class=\"elementor-section elementor-top-section elementor-element elementor-element-1d4a7653 elementor-section-stretched elementor-section-content-middle elementor-section-boxed elementor-section-height-default elementor-section-height-default\" data-id=\"1d4a7653\" data-element_type=\"section\" data-settings=\"{&quot;stretch_section&quot;:&quot;section-stretched&quot;,&quot;background_background&quot;:&quot;classic&quot;}\">\n\t\t\t\t\t\t<div class=\"elementor-container elementor-column-gap-default\">\n\t\t\t\t\t<div class=\"elementor-column elementor-col-33 elementor-top-column elementor-element elementor-element-496e12d5\" data-id=\"496e12d5\" data-element_type=\"column\">\n\t\t\t<div class=\"elementor-widget-wrap elementor-element-populated\">\n\t\t\t\t\t\t<div class=\"elementor-element elementor-element-2f23f598 elementor-widget elementor-widget-pix-badge\" data-id=\"2f23f598\" data-element_type=\"widget\" data-widget_type=\"pix-badge.default\">\n\t\t\t\t<div class=\"elementor-widget-container\">\n\t\t\t\t\t<div class=\"pix-element-div w-100 text-left\"><span class=\"pix-badge-element h6 d-inline-flex mr-1 \"  ><span class=\"badge font-weight-bold secondary-font  bg-secondary  \" style=\" \"><span class=\"text-white\" style=\"\">Grand Hotel Visconti Palace<\/span><\/span><\/span><\/div>\t\t\t\t<\/div>\n\t\t\t\t<\/div>\n\t\t\t\t<div class=\"elementor-element elementor-element-23e1925a elementor-invisible elementor-widget elementor-widget-pix-heading\" data-id=\"23e1925a\" data-element_type=\"widget\" data-widget_type=\"pix-heading.default\">\n\t\t\t\t<div class=\"elementor-widget-container\">\n\t\t\t\t\t<div  class=\"pix-heading-el text-left \"><h3 class=\"text-heading-default font-weight-bold h3 animate-in heading-text el-title_custom_color mb-12\" style=\"\" data-anim-type=\"fade-in-up\" data-anim-delay=\"200\">Come raggiungere la sede congressuale<\/h3><\/div>\t\t\t\t<\/div>\n\t\t\t\t<\/div>\n\t\t\t\t<div class=\"elementor-element elementor-element-7e5da9b2 elementor-widget elementor-widget-pix-text\" data-id=\"7e5da9b2\" data-element_type=\"widget\" data-widget_type=\"pix-text.default\">\n\t\t\t\t<div class=\"elementor-widget-container\">\n\t\t\t\t\t<div class=\"pix-el-text w-100 text-left \" ><p class=\" resp-option text-gray-6 text-left \" >L\u2019hotel si trova a 4 km dalla stazione centrale di Milano, a 8 km dall\u2019aeroporto di Milano Linate e  a circa 2 km dall\u2019imbocco delle principali autostrade (A1 e A4).<\/p><\/div>\t\t\t\t<\/div>\n\t\t\t\t<\/div>\n\t\t\t\t\t<\/div>\n\t\t<\/div>\n\t\t\t\t<div class=\"elementor-column elementor-col-33 elementor-top-column elementor-element elementor-element-fd273b5\" data-id=\"fd273b5\" data-element_type=\"column\">\n\t\t\t<div class=\"elementor-widget-wrap elementor-element-populated\">\n\t\t\t\t\t\t<div class=\"elementor-element elementor-element-9a74545 bg-white shadow-sm shadow-hover-sm fly-sm rounded-10 elementor-invisible elementor-widget elementor-widget-pix-feature\" data-id=\"9a74545\" data-element_type=\"widget\" data-widget_type=\"pix-feature.default\">\n\t\t\t\t<div class=\"elementor-widget-container\">\n\t\t\t\t\t<div id=\"pix-feature-9a74545\" class=\"pix-feature-el text-custom \"><div class=\"pix-feature-bg rounded-circle d-inline-block2 d-inline-flex align-items-center justify-content-center line-height-0 mw-100 bg-primary-light animate-in\" data-anim-type=\"fade-in-up\" data-anim-delay=\"400\" style=\" width:1.8px;aspect-ratio:1\/1 !important;position:relative;text-align:center;\"><div class=\"pix-feature-icon text-gradient-primary\" style=\"display:inline-block;width:1px;height:1px;font-size:1px;\"><svg class=\"pixfort-icon \" width=\"24\" height=\"24\"  data-name=\"Duotone\/pixfort-icon-cursor-right-2\" viewBox=\"2 2 20 20\"><g fill=\"none\" fill-rule=\"evenodd\"><path fill=\"var(--pf-icon-color)\" fill-opacity=\".25\" d=\"M10.2333138,3.99596068 C10.0688954,4.44223907 10.0688954,4.93250372 10.2333138,5.37878211 L15.4987552,19.6706946 C15.8806108,20.7071598 17.030387,21.2378257 18.0668522,20.8559701 C18.6369589,20.6459308 19.0806783,20.1881285 19.272808,19.6117394 L21.0550841,14.2649111 C21.1073955,14.1079769 21.1969348,13.9688002 21.313469,13.8576138 C20.4226286,13 11.4226286,4 10.7089232,3.2594843 C10.5391463,3.42584585 10.3969526,3.62478274 10.2929934,3.85137895 L10.2333138,3.99596068 Z\" transform=\"matrix(-1 0 0 1 31.423 0)\"\/><path fill=\"var(--pf-icon-color)\" d=\"M13.6286337,13.8657676 C13.7354437,13.7614383 13.8656668,13.6809501 14.0111506,13.6324555 L19.3579789,11.8501794 C20.4058656,11.5008839 20.9721856,10.3682439 20.62289,9.3203573 C20.4307603,8.74396821 19.9870409,8.28616592 19.4169341,8.07612659 L5.12502167,2.81068516 C4.36989766,2.53248158 3.5546287,2.73864019 3.02,3.27187551 C3.74623955,4 12.7462396,13 13.6286337,13.8657676 Z\" transform=\"matrix(-1 0 0 1 23.746 0)\"\/><\/g><\/svg><\/div><\/div><h6 class=\"pix-feature-title font-weight-bold  secondary-font text-heading-default animate-in\" style=\"padding-top:20px;\" data-anim-type=\"fade-in-up\" data-anim-delay=\"500\">In Auto<\/h6><div class=\"pix-feature-content text-gray-6      animate-in\" style=\"padding-top:10px;\" data-anim-type=\"fade-in-up\" data-anim-delay=\"600\"><b>Coordinate GPS dell&#39;hotel: <\/b><br>Lat: 45.447212372895244<br>Lgt:9.207020301206427<br><br> L\u2019hotel dispone di un parcheggio privato a pagamento, soggetto a disponibilit\u00e0. La struttura si trova a circa 2km dall\u2019imbocco delle principali autostrade (A1 e A4). <\/div><\/div>\t\t\t\t<\/div>\n\t\t\t\t<\/div>\n\t\t\t\t\t<\/div>\n\t\t<\/div>\n\t\t\t\t<div class=\"elementor-column elementor-col-33 elementor-top-column elementor-element elementor-element-62d2d5fb\" data-id=\"62d2d5fb\" data-element_type=\"column\">\n\t\t\t<div class=\"elementor-widget-wrap elementor-element-populated\">\n\t\t\t\t\t\t<div class=\"elementor-element elementor-element-186b1fe3 bg-white shadow-sm shadow-hover-sm fly-sm rounded-10 elementor-invisible elementor-widget elementor-widget-pix-feature\" data-id=\"186b1fe3\" data-element_type=\"widget\" data-widget_type=\"pix-feature.default\">\n\t\t\t\t<div class=\"elementor-widget-container\">\n\t\t\t\t\t<div id=\"pix-feature-186b1fe3\" class=\"pix-feature-el text-custom \"><div class=\"pix-feature-bg rounded-circle d-inline-block2 d-inline-flex align-items-center justify-content-center line-height-0 mw-100 bg-primary-light animate-in\" data-anim-type=\"fade-in-up\" data-anim-delay=\"600\" style=\" width:1.8px;aspect-ratio:1\/1 !important;position:relative;text-align:center;\"><div class=\"pix-feature-icon text-gradient-primary\" style=\"display:inline-block;width:1px;height:1px;font-size:1px;\"><svg class=\"pixfort-icon \" width=\"24\" height=\"24\"  data-name=\"Duotone\/pixfort-icon-archive-1\" viewBox=\"2 2 20 20\"><g fill=\"none\" fill-rule=\"evenodd\"><path fill=\"var(--pf-icon-color)\" fill-opacity=\".25\" d=\"M6,7 L18,7 C19.1045695,7 20,8.02334914 20,9.28571429 L20,18.7142857 C20,19.9766509 19.1045695,21 18,21 L6,21 C4.8954305,21 4,19.9766509 4,18.7142857 L4,9.28571429 C4,8.02334914 4.8954305,7 6,7 Z\"\/><path fill=\"var(--pf-icon-color)\" d=\"M16.1864033,3 C16.9838257,3 17.7050497,3.47369874 18.021825,4.20550192 L19.2119839,6.95496544 L19.6978052,8.07701863 C19.3445516,7.43028883 18.7162443,7 18,7 L6,7 C5.18057752,7 4.47625222,7.56318812 4.1672144,8.36934687 L5.97697799,4.20203952 C6.29458698,3.47209211 7.01484509,3 7.81089703,3 L16.1864033,3 Z M14.5,10 L9.5,10 C8.67157288,10 8,10.6715729 8,11.5 C8,12.3284271 8.67157288,13 9.5,13 L14.5,13 C15.3284271,13 16,12.3284271 16,11.5 C16,10.6715729 15.3284271,10 14.5,10 Z\"\/><\/g><\/svg><\/div><\/div><h6 class=\"pix-feature-title font-weight-bold  secondary-font text-heading-default animate-in\" style=\"padding-top:20px;\" data-anim-type=\"fade-in-up\" data-anim-delay=\"700\">Aeroporti \/ Stazioni FS \/ Metro<\/h6><div class=\"pix-feature-content text-gray-6      animate-in\" style=\"padding-top:10px;\" data-anim-type=\"fade-in-up\" data-anim-delay=\"800\"><strong>Stazione Metro pi&ugrave; vicina<\/strong>:<br \/> LODI T.I.B.B. (linea 3 - gialla)  - 150mt  <br><br> <strong>Stazione FS pi&ugrave; vicina<\/strong>:<br \/> Milano Centrale - 4Km<br><br><b>Aeroporto pi\u00f9 vicino<\/b>:<br>Milano Linate - 8Km<\/div><\/div>\t\t\t\t<\/div>\n\t\t\t\t<\/div>\n\t\t\t\t\t<\/div>\n\t\t<\/div>\n\t\t\t\t\t<\/div>\n\t\t<\/section>\n\t\t\t\t<\/div>\n\t\t\r\n<!-- WeMeet Web(R) - Gange - All rights reserved: 2010 - 2025, plug-in for WordPress by Lena Group, https:\/\/lenagroup.net -->\r\n<div id=\"idGangeCookiesDiv1\" class=\"gange_CookiesDiv1\"><div id=\"idGangeCookiesDiv2\" class=\"gange_CookiesDiv2\"><form id=\"idGangeCookiesForm\" name=\"GangeCookiesForm\" action=\"#\" method=\"post\"><span id=\"idGangeCookiesSpan1\" class=\"gange_CookiesSpan1\">Utilizziamo i cookie per assicurarti la migliore esperienza sul nostro sito web.<\/span><input id=\"idGangeCookiesAnalytics\" name=\"idGangeCookiesAnalytics\" type=\"hidden\" value=\"0\"><span id=\"idGangeCookiesSpanSubmit\" class=\"gange_CookiesSpanSubmit\"><input id=\"idGangeCookiesTag\" name=\"idGangeCookiesTag\" type=\"hidden\" value=\"##COOKIESGANGE##\"><input id=\"idGangeCookiesSubmit\" name=\"idGangeCookiesSubmit\" type=\"submit\" class=\"gange_CookiesSubmit\" value=\"Accetta\"><\/span><\/form><\/div><\/div>\r\n<!-- WeMeet Web(R) - Gange - All rights reserved: 2010 - 2025, plug-in for WordPress by Lena Group, https:\/\/lenagroup.net -->\r\n <script type=\"text\/javascript\"> if (typeof(f_tFlgVISA) === typeof(Function))  \tf_tFlgVISA(null);  if (typeof(f_tFlgAllergia) === typeof(Function))  \tf_tFlgAllergia(null);  if (typeof(f_IDTipologia) === typeof(Function)) {  \tvar eObjTYPE = document.getElementById(\"id_IDTipologia\");  \tf_IDTipologia(eObjTYPE);  }  if (typeof(f_IDAttivita) === typeof(Function)) {  \tvar etFlgActivity = document.getElementById(\"id_IDAttivita\");  \tf_IDAttivita(etFlgActivity);  }  if (typeof(f_IDNazionalita) === typeof(Function)) {  \tvar etFlgNazionalita = document.getElementById(\"id_IDNazionalita\");  \tf_IDNazionalita(etFlgNazionalita);  }  if (typeof(f_IndFattIDNazione) === typeof(Function))  \tf_IndFattIDNazione(null);  if (typeof(f_IDDomanda16763) === typeof(Function)) {  \tvar etFlgDomanda16763 = document.getElementById(\"id_IDDomanda16763\");  \tif (etFlgDomanda16763 != null) {  \t\tf_IDDomanda16763(etFlgDomanda16763);  \t}  }  if (typeof(f_IDDomanda16765) === typeof(Function)) {  \tvar etFlgDomanda16765 = document.getElementById(\"id_IDDomanda16765\");  \tif (etFlgDomanda16765 != null) {  \t\tf_IDDomanda16765(etFlgDomanda16765);  \t}  }  <\/script>","protected":false},"excerpt":{"rendered":"<p>Il&#32; concept&#32; Presenta un intervento orale di 5 minuti durante la sessione \u201cComunicazioni Orali\u201d, in programma per venerd\u00ec 13 marzo 2026, di fronte a un pubblico composto da circa 200 specialisti. I cinque relatori selezionati per le comunicazioni orali avranno&#8230;<\/p>\n","protected":false},"author":1,"featured_media":0,"parent":0,"menu_order":0,"comment_status":"closed","ping_status":"closed","template":"","meta":{"footnotes":""},"class_list":["post-544","page","type-page","status-publish","hentry"],"_links":{"self":[{"href":"https:\/\/forumpneumologia.it\/2026\/index.php?rest_route=\/wp\/v2\/pages\/544","targetHints":{"allow":["GET"]}}],"collection":[{"href":"https:\/\/forumpneumologia.it\/2026\/index.php?rest_route=\/wp\/v2\/pages"}],"about":[{"href":"https:\/\/forumpneumologia.it\/2026\/index.php?rest_route=\/wp\/v2\/types\/page"}],"author":[{"embeddable":true,"href":"https:\/\/forumpneumologia.it\/2026\/index.php?rest_route=\/wp\/v2\/users\/1"}],"replies":[{"embeddable":true,"href":"https:\/\/forumpneumologia.it\/2026\/index.php?rest_route=%2Fwp%2Fv2%2Fcomments&post=544"}],"version-history":[{"count":14,"href":"https:\/\/forumpneumologia.it\/2026\/index.php?rest_route=\/wp\/v2\/pages\/544\/revisions"}],"predecessor-version":[{"id":755,"href":"https:\/\/forumpneumologia.it\/2026\/index.php?rest_route=\/wp\/v2\/pages\/544\/revisions\/755"}],"wp:attachment":[{"href":"https:\/\/forumpneumologia.it\/2026\/index.php?rest_route=%2Fwp%2Fv2%2Fmedia&parent=544"}],"curies":[{"name":"wp","href":"https:\/\/api.w.org\/{rel}","templated":true}]}}